{"id":96,"date":"2022-07-26T13:19:54","date_gmt":"2022-07-26T13:19:54","guid":{"rendered":"https:\/\/esofestival.com\/?page_id=96"},"modified":"2022-07-26T19:18:02","modified_gmt":"2022-07-26T19:18:02","slug":"esof-22-toulouse","status":"publish","type":"page","link":"https:\/\/esofestival.com\/?page_id=96","title":{"rendered":"ESOF 22 Toulouse"},"content":{"rendered":"\t\t<div data-elementor-type=\"wp-page\" data-elementor-id=\"96\" class=\"elementor elementor-96\">\n\t\t\t\t\t\t\t\t\t<section class=\"elementor-section elementor-top-section elementor-element elementor-element-777515e elementor-section-boxed elementor-section-height-default elementor-section-height-default\" data-id=\"777515e\" data-element_type=\"section\" data-settings=\"{&quot;background_background&quot;:&quot;classic&quot;}\">\n\t\t\t\t\t\t<div class=\"elementor-container elementor-column-gap-default\">\n\t\t\t\t\t<div class=\"elementor-column elementor-col-100 elementor-top-column elementor-element elementor-element-4521ae1\" data-id=\"4521ae1\" data-element_type=\"column\">\n\t\t\t<div class=\"elementor-widget-wrap elementor-element-populated\">\n\t\t\t\t\t\t\t\t<div class=\"elementor-element elementor-element-0d0eec7 elementor-widget elementor-widget-heading\" data-id=\"0d0eec7\" data-element_type=\"widget\" data-widget_type=\"heading.default\">\n\t\t\t\t<div class=\"elementor-widget-container\">\n\t\t\t<style>\/*! elementor - v3.7.2 - 21-08-2022 *\/\n.elementor-heading-title{padding:0;margin:0;line-height:1}.elementor-widget-heading .elementor-heading-title[class*=elementor-size-]>a{color:inherit;font-size:inherit;line-height:inherit}.elementor-widget-heading .elementor-heading-title.elementor-size-small{font-size:15px}.elementor-widget-heading .elementor-heading-title.elementor-size-medium{font-size:19px}.elementor-widget-heading .elementor-heading-title.elementor-size-large{font-size:29px}.elementor-widget-heading .elementor-heading-title.elementor-size-xl{font-size:39px}.elementor-widget-heading .elementor-heading-title.elementor-size-xxl{font-size:59px}<\/style><h2 class=\"elementor-heading-title elementor-size-default\">ESOF '22 - Toulouse\n<\/h2>\t\t<\/div>\n\t\t\t\t<\/div>\n\t\t\t\t\t<\/div>\n\t\t<\/div>\n\t\t\t\t\t\t\t<\/div>\n\t\t<\/section>\n\t\t\t\t<section class=\"elementor-section elementor-top-section elementor-element elementor-element-67deb6f elementor-section-boxed elementor-section-height-default elementor-section-height-default\" data-id=\"67deb6f\" data-element_type=\"section\">\n\t\t\t\t\t\t<div class=\"elementor-container elementor-column-gap-default\">\n\t\t\t\t\t<div class=\"elementor-column elementor-col-100 elementor-top-column elementor-element elementor-element-57da61c\" data-id=\"57da61c\" data-element_type=\"column\">\n\t\t\t<div class=\"elementor-widget-wrap elementor-element-populated\">\n\t\t\t\t\t\t\t\t<div class=\"elementor-element elementor-element-491cfb1 elementor-widget elementor-widget-heading\" data-id=\"491cfb1\" data-element_type=\"widget\" data-widget_type=\"heading.default\">\n\t\t\t\t<div class=\"elementor-widget-container\">\n\t\t\t<h2 class=\"elementor-heading-title elementor-size-default\">Toulouse \u2013 France<\/h2>\t\t<\/div>\n\t\t\t\t<\/div>\n\t\t\t\t<div class=\"elementor-element elementor-element-91eb75f elementor-widget elementor-widget-heading\" data-id=\"91eb75f\" data-element_type=\"widget\" data-widget_type=\"heading.default\">\n\t\t\t\t<div class=\"elementor-widget-container\">\n\t\t\t<h2 class=\"elementor-heading-title elementor-size-default\">30\/06\/2022 \u2013 03\/07\/2022<\/h2>\t\t<\/div>\n\t\t\t\t<\/div>\n\t\t\t\t<div class=\"elementor-element elementor-element-ebc1762 elementor-widget elementor-widget-text-editor\" data-id=\"ebc1762\" data-element_type=\"widget\" data-widget_type=\"text-editor.default\">\n\t\t\t\t<div class=\"elementor-widget-container\">\n\t\t\t<style>\/*! elementor - v3.7.2 - 21-08-2022 *\/\n.elementor-widget-text-editor.elementor-drop-cap-view-stacked .elementor-drop-cap{background-color:#818a91;color:#fff}.elementor-widget-text-editor.elementor-drop-cap-view-framed .elementor-drop-cap{color:#818a91;border:3px solid;background-color:transparent}.elementor-widget-text-editor:not(.elementor-drop-cap-view-default) .elementor-drop-cap{margin-top:8px}.elementor-widget-text-editor:not(.elementor-drop-cap-view-default) .elementor-drop-cap-letter{width:1em;height:1em}.elementor-widget-text-editor .elementor-drop-cap{float:left;text-align:center;line-height:1;font-size:50px}.elementor-widget-text-editor .elementor-drop-cap-letter{display:inline-block}<\/style>\t\t\t\t<div class=\"vc_row wpb_row vc_row-fluid\"><div class=\"wpb_column vc_column_container vc_col-sm-12\"><div class=\"vc_column-inner\"><div class=\"wpb_wrapper\"><div class=\"wpb_text_column wpb_content_element \"><div class=\"wpb_wrapper\">\u00a0<\/div><\/div><h5 class=\"vc_empty_space\"><strong>Toulouse is the place to be from 3<\/strong><strong>0\/06\/2022 to 03\/07\/2022<\/strong>!\u00a0 \u00a0This edition was hosted by the\u00a0<span style=\"color: #000000;\"><strong><a style=\"color: #000000;\" href=\"https:\/\/orchestre.ut-capitole.fr\/\">Orchestre Symphonique \u00c9tudiant de Toulouse<\/a><\/strong><\/span>\u00a0and the\u00a0<span style=\"color: #000000;\"><a style=\"color: #000000;\" href=\"https:\/\/www.toulouse.fr\/\"><strong>City of Toulouse<\/strong><\/a><\/span>. Discover the details below!<\/h5><\/div><\/div><\/div><\/div>\t\t\t\t\t\t<\/div>\n\t\t\t\t<\/div>\n\t\t\t\t<div class=\"elementor-element elementor-element-d6e135b elementor-align-center elementor-widget elementor-widget-button\" data-id=\"d6e135b\" data-element_type=\"widget\" data-widget_type=\"button.default\">\n\t\t\t\t<div class=\"elementor-widget-container\">\n\t\t\t\t\t<div class=\"elementor-button-wrapper\">\n\t\t\t<a href=\"#\" class=\"elementor-button-link elementor-button elementor-size-sm\" role=\"button\">\n\t\t\t\t\t\t<span class=\"elementor-button-content-wrapper\">\n\t\t\t\t\t\t<span class=\"elementor-button-text\">Programme<\/span>\n\t\t<\/span>\n\t\t\t\t\t<\/a>\n\t\t<\/div>\n\t\t\t\t<\/div>\n\t\t\t\t<\/div>\n\t\t\t\t\t<\/div>\n\t\t<\/div>\n\t\t\t\t\t\t\t<\/div>\n\t\t<\/section>\n\t\t\t\t<section class=\"elementor-section elementor-top-section elementor-element elementor-element-7c83623 elementor-section-full_width elementor-section-height-default elementor-section-height-default\" data-id=\"7c83623\" data-element_type=\"section\">\n\t\t\t\t\t\t<div class=\"elementor-container elementor-column-gap-default\">\n\t\t\t\t\t<div class=\"elementor-column elementor-col-100 elementor-top-column elementor-element elementor-element-3bd150e\" data-id=\"3bd150e\" data-element_type=\"column\">\n\t\t\t<div class=\"elementor-widget-wrap elementor-element-populated\">\n\t\t\t\t\t\t\t\t<div class=\"elementor-element elementor-element-7c4d7e7 elementor-widget elementor-widget-text-editor\" data-id=\"7c4d7e7\" data-element_type=\"widget\" data-widget_type=\"text-editor.default\">\n\t\t\t\t<div class=\"elementor-widget-container\">\n\t\t\t\t\t\t\t<div class=\"vc_column-inner\"><div class=\"wpb_wrapper\"><div class=\"wpb_text_column wpb_content_element \"><div class=\"wpb_wrapper\"><h3 dir=\"ltr\" style=\"text-align: center;\">PROGRAMME<\/h3><h5 dir=\"ltr\" style=\"text-align: center;\"><span style=\"color: #cf2e2e;\"><strong>THURSDAY 30 JUNE \u2013 OPENING CONCERT<\/strong><\/span><\/h5><h5 dir=\"ltr\" style=\"text-align: center;\"><span style=\"color: #00d084;\">20h30 \u2022 MEETT \u2013 Parc des expositions<\/span><br \/><b>Orchestre Symphonique \u00c9tudiant de Toulouse<\/b>, dir. Julien Ursule<br \/><i>Brahms \u2013\u00a0 Akademische Festoverture<br \/>Bizet \u2013 L\u2019Arl\u00e9sienne, Suite nr. 2<br \/>Mussorgski\/Ravel \u2013 Tableaux d\u2019une exposition (extracts)<\/i><\/h5><h5 style=\"text-align: center;\"><span style=\"color: #cf2e2e;\"><strong>FRIDAY 1 JULY<\/strong><\/span><\/h5><h5 style=\"text-align: center;\"><span style=\"color: #00d084;\">20h \u2022 Auditorium Saint-Pierre des Cuisines<\/span><\/h5><h5 style=\"text-align: center;\"><b>Orquestra Acad\u00e9mica da Universidade de Coimbra<\/b> dir. Andr\u00e9 Granjo \u2013 Assistant: Leandro Alves<br \/><i>De Lacerda \u2013 Amourol<br \/><\/i><i>Braga Santos \u2013 Abertura sinfonica nr. 3; Suite do Bailado Alfama (extracts)<br \/>De Souza \u2013 In\u00eas<br \/>De Freitas \u2013 Ribatejo<\/i><\/h5><h5 style=\"text-align: center;\"><b>Orchestre Universitaire de Strasbourg\u00a0<\/b>dir. Corinna Niemeyer, Mauro Mariani, Eric Staiger<br \/><i>Rachmaninoff \u2013 Symphonic Danses<\/i><\/h5><h5 style=\"text-align: center;\"><span style=\"color: #00d084;\">20h30 \u2022 Amphith\u00e9\u00e2tre Despax \u2013 Universit\u00e9 Toulouse 1 Capitole<\/span><\/h5><h5 style=\"text-align: center;\"><b>Akademisches Orchester Z\u00fcrich<\/b>\u00a0dir. Martin Lukas Meister<br \/><i>Rachmaninoff \u2013 Symphonic Dances<\/i><\/h5><h5 style=\"text-align: center;\"><b>Orchestre de l\u2019Universit\u00e9 de Gen\u00e8ve<\/b>\u00a0dir. Pierre-Antoine Mar\u00e7ais<br \/><i>Dvo\u0159\u00e1k \u2013 Symphony nr. 8<\/i><\/h5><h5 style=\"text-align: center;\"><span style=\"color: #cf2e2e;\"><strong>SATURDAY 2 JULY<\/strong><\/span><\/h5><h5 style=\"text-align: center;\"><span style=\"color: #00d084;\">20h \u2022 Auditorium Saint-Pierre des Cuisines<\/span><\/h5><h5 style=\"text-align: center;\"><b>Leipziger Universit\u00e4tsorchester<\/b>\u00a0dir. Ilya Ram<br \/><i>Beach \u2013 Symphony in E minor \u201cGaelic\u201d<\/i><br \/><b><\/b><\/h5><h5 style=\"text-align: center;\"><b>Aarauer Studentenorchester<\/b>\u00a0dir. Ramin Abbassi<br \/><i>Bernstein \u2013 Candide Overture<br \/>Khatchaturian \u2013 Spartacus Adagio<br \/>Brahms \u2013 Hungarian Dance nr. 2<br \/><\/i><i>Suk \u2013 Fairy Tale Suite Finale<br \/>M\u00e1rquez \u2013 Danz\u00f3n nr. 2<\/i><\/h5><h5 style=\"text-align: center;\"><span style=\"color: #00d084;\">20h30 \u2022 Amphith\u00e9\u00e2tre Despax \u2013 Universit\u00e9 Toulouse 1 Capitole<\/span><br \/><b><\/b><\/h5><h5 style=\"text-align: center;\"><b>Universiteit van Amsterdam \u2013 Orkest J.Pzn Sweelinck<\/b>\u00a0dir. Konradin Herzog<br \/><i>Beethoven \u2013 Symphony nr. 5<\/i><br \/><b><\/b><\/h5><h5 style=\"text-align: center;\"><b>Universitair Symfonisch Orkest KU Leuven<\/b>\u00a0dir. Edmond Saveniers<br \/><i>Glinka \u2013 Ruslan and Ludmila Overture<br \/>Franck \u2013 Symphony in D minor<\/i><\/h5><h5 style=\"text-align: center;\"><span style=\"color: #cf2e2e;\"><strong>SUNDAY 3 JULY \u2013 CLOSING CONCERT<\/strong><\/span><\/h5><h5 style=\"text-align: center;\"><span style=\"color: #00d084;\">18h \u2022 Halle aux Grains<\/span><\/h5><h5 style=\"text-align: center;\"><b>European Student Orchestra<\/b>\u00a0dir. Simon Proust<br \/><i>Dukas \u2013 Fanfare pour pr\u00e9c\u00e9der la P\u00e9ri: L\u2019Apprenti Sorcier<br \/>Puccini \u2013 Manon Lescaut Intermezzo<br \/>Beffa \u2013 Plaza Mayor<br \/>Ravel \u2013 Bol\u00e9ro<\/i><\/h5><\/div><\/div><div class=\"wpb_text_column wpb_content_element \"><div class=\"wpb_wrapper\"><h5 style=\"text-align: center;\">T\u00e9l\u00e9chargez la brochure<br \/>Download the brochure<\/h5><\/div><\/div><\/div><\/div>\t\t\t\t\t\t<\/div>\n\t\t\t\t<\/div>\n\t\t\t\t\t<\/div>\n\t\t<\/div>\n\t\t\t\t\t\t\t<\/div>\n\t\t<\/section>\n\t\t\t\t<section class=\"elementor-section elementor-top-section elementor-element elementor-element-8fd1fb9 elementor-section-boxed elementor-section-height-default elementor-section-height-default\" data-id=\"8fd1fb9\" data-element_type=\"section\">\n\t\t\t\t\t\t<div class=\"elementor-container elementor-column-gap-default\">\n\t\t\t\t\t<div class=\"elementor-column elementor-col-100 elementor-top-column elementor-element elementor-element-c3f0186\" data-id=\"c3f0186\" data-element_type=\"column\">\n\t\t\t<div class=\"elementor-widget-wrap elementor-element-populated\">\n\t\t\t\t\t\t\t\t<div class=\"elementor-element elementor-element-2bf5f09 elementor-widget elementor-widget-image\" data-id=\"2bf5f09\" data-element_type=\"widget\" data-widget_type=\"image.default\">\n\t\t\t\t<div class=\"elementor-widget-container\">\n\t\t\t<style>\/*! elementor - v3.7.2 - 21-08-2022 *\/\n.elementor-widget-image{text-align:center}.elementor-widget-image a{display:inline-block}.elementor-widget-image a img[src$=\".svg\"]{width:48px}.elementor-widget-image img{vertical-align:middle;display:inline-block}<\/style>\t\t\t\t\t\t\t\t\t\t\t\t<img loading=\"lazy\" decoding=\"async\" width=\"618\" height=\"351\" src=\"https:\/\/esofestival.com\/wp-content\/uploads\/2022\/07\/ESOF-GLOBAL-version-epuree-Copy-618x351-1.png\" class=\"attachment-large size-large\" alt=\"\" srcset=\"https:\/\/esofestival.com\/wp-content\/uploads\/2022\/07\/ESOF-GLOBAL-version-epuree-Copy-618x351-1.png 618w, https:\/\/esofestival.com\/wp-content\/uploads\/2022\/07\/ESOF-GLOBAL-version-epuree-Copy-618x351-1-300x170.png 300w\" sizes=\"auto, (max-width: 618px) 100vw, 618px\" \/>\t\t\t\t\t\t\t\t\t\t\t\t\t\t\t<\/div>\n\t\t\t\t<\/div>\n\t\t\t\t\t<\/div>\n\t\t<\/div>\n\t\t\t\t\t\t\t<\/div>\n\t\t<\/section>\n\t\t\t\t<section class=\"elementor-section elementor-top-section elementor-element elementor-element-79837c1 elementor-section-content-middle elementor-section-full_width elementor-section-height-default elementor-section-height-default\" data-id=\"79837c1\" data-element_type=\"section\">\n\t\t\t\t\t\t<div class=\"elementor-container elementor-column-gap-no\">\n\t\t\t\t\t<div class=\"elementor-column elementor-col-50 elementor-top-column elementor-element elementor-element-45cdd551\" data-id=\"45cdd551\" data-element_type=\"column\">\n\t\t\t<div class=\"elementor-widget-wrap elementor-element-populated\">\n\t\t\t\t\t\t\t\t<div class=\"elementor-element elementor-element-43e60f5c elementor-position-left elementor-vertical-align-middle elementor-widget elementor-widget-image-box\" data-id=\"43e60f5c\" data-element_type=\"widget\" data-widget_type=\"image-box.default\">\n\t\t\t\t<div class=\"elementor-widget-container\">\n\t\t\t<style>\/*! elementor - v3.7.2 - 21-08-2022 *\/\n.elementor-widget-image-box .elementor-image-box-content{width:100%}@media (min-width:768px){.elementor-widget-image-box.elementor-position-left .elementor-image-box-wrapper,.elementor-widget-image-box.elementor-position-right .elementor-image-box-wrapper{display:-webkit-box;display:-ms-flexbox;display:flex}.elementor-widget-image-box.elementor-position-right .elementor-image-box-wrapper{text-align:right;-webkit-box-orient:horizontal;-webkit-box-direction:reverse;-ms-flex-direction:row-reverse;flex-direction:row-reverse}.elementor-widget-image-box.elementor-position-left .elementor-image-box-wrapper{text-align:left;-webkit-box-orient:horizontal;-webkit-box-direction:normal;-ms-flex-direction:row;flex-direction:row}.elementor-widget-image-box.elementor-position-top .elementor-image-box-img{margin:auto}.elementor-widget-image-box.elementor-vertical-align-top .elementor-image-box-wrapper{-webkit-box-align:start;-ms-flex-align:start;align-items:flex-start}.elementor-widget-image-box.elementor-vertical-align-middle .elementor-image-box-wrapper{-webkit-box-align:center;-ms-flex-align:center;align-items:center}.elementor-widget-image-box.elementor-vertical-align-bottom .elementor-image-box-wrapper{-webkit-box-align:end;-ms-flex-align:end;align-items:flex-end}}@media (max-width:767px){.elementor-widget-image-box .elementor-image-box-img{margin-left:auto!important;margin-right:auto!important;margin-bottom:15px}}.elementor-widget-image-box .elementor-image-box-img{display:inline-block}.elementor-widget-image-box .elementor-image-box-title a{color:inherit}.elementor-widget-image-box .elementor-image-box-wrapper{text-align:center}.elementor-widget-image-box .elementor-image-box-description{margin:0}<\/style><div class=\"elementor-image-box-wrapper\"><figure class=\"elementor-image-box-img\"><img loading=\"lazy\" decoding=\"async\" width=\"150\" height=\"150\" src=\"https:\/\/esofestival.com\/wp-content\/uploads\/2022\/07\/Mathilde-150x150-1.jpg\" class=\"attachment-full size-full\" alt=\"\" \/><\/figure><div class=\"elementor-image-box-content\"><h3 class=\"elementor-image-box-title\">Mathilde Liffraud<\/h3><p class=\"elementor-image-box-description\">General coordination and partnerships<\/p><\/div><\/div>\t\t<\/div>\n\t\t\t\t<\/div>\n\t\t\t\t\t<\/div>\n\t\t<\/div>\n\t\t\t\t<div class=\"elementor-column elementor-col-50 elementor-top-column elementor-element elementor-element-6f8654e9\" data-id=\"6f8654e9\" data-element_type=\"column\">\n\t\t\t<div class=\"elementor-widget-wrap elementor-element-populated\">\n\t\t\t\t\t\t\t\t<div class=\"elementor-element elementor-element-39c2c6a2 elementor-position-left elementor-vertical-align-middle elementor-widget elementor-widget-image-box\" data-id=\"39c2c6a2\" data-element_type=\"widget\" data-widget_type=\"image-box.default\">\n\t\t\t\t<div class=\"elementor-widget-container\">\n\t\t\t<div class=\"elementor-image-box-wrapper\"><figure class=\"elementor-image-box-img\"><img loading=\"lazy\" decoding=\"async\" width=\"150\" height=\"150\" src=\"https:\/\/esofestival.com\/wp-content\/uploads\/2022\/07\/Laurent2020-1-150x150-1.jpg\" class=\"attachment-full size-full\" alt=\"\" \/><\/figure><div class=\"elementor-image-box-content\"><h3 class=\"elementor-image-box-title\">Laurent Henry<\/h3><p class=\"elementor-image-box-description\">General coordination and partnerships<\/p><\/div><\/div>\t\t<\/div>\n\t\t\t\t<\/div>\n\t\t\t\t\t<\/div>\n\t\t<\/div>\n\t\t\t\t\t\t\t<\/div>\n\t\t<\/section>\n\t\t\t\t<section class=\"elementor-section elementor-top-section elementor-element elementor-element-daa0030 elementor-section-content-middle elementor-section-full_width elementor-section-height-default elementor-section-height-default\" data-id=\"daa0030\" data-element_type=\"section\">\n\t\t\t\t\t\t<div class=\"elementor-container elementor-column-gap-no\">\n\t\t\t\t\t<div class=\"elementor-column elementor-col-50 elementor-top-column elementor-element elementor-element-876ecb3\" data-id=\"876ecb3\" data-element_type=\"column\">\n\t\t\t<div class=\"elementor-widget-wrap elementor-element-populated\">\n\t\t\t\t\t\t\t\t<div class=\"elementor-element elementor-element-0118ff7 elementor-position-left elementor-vertical-align-middle elementor-widget elementor-widget-image-box\" data-id=\"0118ff7\" data-element_type=\"widget\" data-widget_type=\"image-box.default\">\n\t\t\t\t<div class=\"elementor-widget-container\">\n\t\t\t<div class=\"elementor-image-box-wrapper\"><figure class=\"elementor-image-box-img\"><img loading=\"lazy\" decoding=\"async\" width=\"150\" height=\"150\" src=\"https:\/\/esofestival.com\/wp-content\/uploads\/2022\/07\/alice-150x150-1.jpg\" class=\"attachment-full size-full\" alt=\"\" \/><\/figure><div class=\"elementor-image-box-content\"><h3 class=\"elementor-image-box-title\">Alice Peyraud<\/h3><p class=\"elementor-image-box-description\">OSET president \u2013 communication\n<\/p><\/div><\/div>\t\t<\/div>\n\t\t\t\t<\/div>\n\t\t\t\t\t<\/div>\n\t\t<\/div>\n\t\t\t\t<div class=\"elementor-column elementor-col-50 elementor-top-column elementor-element elementor-element-b72254e\" data-id=\"b72254e\" data-element_type=\"column\">\n\t\t\t<div class=\"elementor-widget-wrap\">\n\t\t\t\t\t\t\t\t\t<\/div>\n\t\t<\/div>\n\t\t\t\t\t\t\t<\/div>\n\t\t<\/section>\n\t\t\t\t<section class=\"elementor-section elementor-top-section elementor-element elementor-element-21969e0 elementor-section-full_width elementor-section-height-default elementor-section-height-default\" data-id=\"21969e0\" data-element_type=\"section\">\n\t\t\t\t\t\t<div class=\"elementor-container elementor-column-gap-default\">\n\t\t\t\t\t<div class=\"elementor-column elementor-col-100 elementor-top-column elementor-element elementor-element-1df75bc\" data-id=\"1df75bc\" data-element_type=\"column\">\n\t\t\t<div class=\"elementor-widget-wrap elementor-element-populated\">\n\t\t\t\t\t\t\t\t<div class=\"elementor-element elementor-element-e8f319f elementor-widget elementor-widget-heading\" data-id=\"e8f319f\" data-element_type=\"widget\" data-widget_type=\"heading.default\">\n\t\t\t\t<div class=\"elementor-widget-container\">\n\t\t\t<h2 class=\"elementor-heading-title elementor-size-default\">If we all end up in prison one day for illegal music downloads, I can only hope that they divide us by music genres.<\/h2>\t\t<\/div>\n\t\t\t\t<\/div>\n\t\t\t\t\t<\/div>\n\t\t<\/div>\n\t\t\t\t\t\t\t<\/div>\n\t\t<\/section>\n\t\t\t\t\t\t\t<\/div>\n\t\t","protected":false},"excerpt":{"rendered":"<p>ESOF &#8217;22 &#8211; Toulouse Toulouse \u2013 France 30\/06\/2022 \u2013 03\/07\/2022 \u00a0 Toulouse is the place to be from 30\/06\/2022 to 03\/07\/2022!\u00a0 \u00a0This edition was hosted by the\u00a0Orchestre Symphonique \u00c9tudiant de Toulouse\u00a0and the\u00a0City of Toulouse. Discover the details below! Programme PROGRAMME THURSDAY 30 JUNE \u2013 OPENING CONCERT 20h30 \u2022 MEETT \u2013 Parc des expositionsOrchestre Symphonique \u00c9tudiant [&hellip;]<\/p>\n","protected":false},"author":1,"featured_media":0,"parent":0,"menu_order":0,"comment_status":"closed","ping_status":"closed","template":"","meta":{"footnotes":""},"class_list":["post-96","page","type-page","status-publish","hentry"],"_links":{"self":[{"href":"https:\/\/esofestival.com\/index.php?rest_route=\/wp\/v2\/pages\/96","targetHints":{"allow":["GET"]}}],"collection":[{"href":"https:\/\/esofestival.com\/index.php?rest_route=\/wp\/v2\/pages"}],"about":[{"href":"https:\/\/esofestival.com\/index.php?rest_route=\/wp\/v2\/types\/page"}],"author":[{"embeddable":true,"href":"https:\/\/esofestival.com\/index.php?rest_route=\/wp\/v2\/users\/1"}],"replies":[{"embeddable":true,"href":"https:\/\/esofestival.com\/index.php?rest_route=%2Fwp%2Fv2%2Fcomments&post=96"}],"version-history":[{"count":64,"href":"https:\/\/esofestival.com\/index.php?rest_route=\/wp\/v2\/pages\/96\/revisions"}],"predecessor-version":[{"id":407,"href":"https:\/\/esofestival.com\/index.php?rest_route=\/wp\/v2\/pages\/96\/revisions\/407"}],"wp:attachment":[{"href":"https:\/\/esofestival.com\/index.php?rest_route=%2Fwp%2Fv2%2Fmedia&parent=96"}],"curies":[{"name":"wp","href":"https:\/\/api.w.org\/{rel}","templated":true}]}}