{"id":849,"date":"2025-06-14T11:53:22","date_gmt":"2025-06-14T11:53:22","guid":{"rendered":"https:\/\/esofestival.com\/?page_id=849"},"modified":"2026-03-25T16:23:30","modified_gmt":"2026-03-25T16:23:30","slug":"elementor-849","status":"publish","type":"page","link":"https:\/\/esofestival.com\/?page_id=849","title":{"rendered":"ESOF&#8217;26 &#8211; Coimbra"},"content":{"rendered":"\t\t<div data-elementor-type=\"wp-page\" data-elementor-id=\"849\" class=\"elementor elementor-849\">\n\t\t\t\t\t\t\t\t\t<section class=\"elementor-section elementor-top-section elementor-element elementor-element-7e3a2151 elementor-section-boxed elementor-section-height-default elementor-section-height-default\" data-id=\"7e3a2151\" data-element_type=\"section\" data-settings=\"{&quot;background_background&quot;:&quot;classic&quot;}\">\n\t\t\t\t\t\t<div class=\"elementor-container elementor-column-gap-default\">\n\t\t\t\t\t<div class=\"elementor-column elementor-col-100 elementor-top-column elementor-element elementor-element-9c33ef9\" data-id=\"9c33ef9\" data-element_type=\"column\">\n\t\t\t<div class=\"elementor-widget-wrap elementor-element-populated\">\n\t\t\t\t\t\t\t\t<div class=\"elementor-element elementor-element-1ec7cebc elementor-widget elementor-widget-heading\" data-id=\"1ec7cebc\" data-element_type=\"widget\" data-widget_type=\"heading.default\">\n\t\t\t\t<div class=\"elementor-widget-container\">\n\t\t\t<style>\/*! elementor - v3.7.2 - 21-08-2022 *\/\n.elementor-heading-title{padding:0;margin:0;line-height:1}.elementor-widget-heading .elementor-heading-title[class*=elementor-size-]>a{color:inherit;font-size:inherit;line-height:inherit}.elementor-widget-heading .elementor-heading-title.elementor-size-small{font-size:15px}.elementor-widget-heading .elementor-heading-title.elementor-size-medium{font-size:19px}.elementor-widget-heading .elementor-heading-title.elementor-size-large{font-size:29px}.elementor-widget-heading .elementor-heading-title.elementor-size-xl{font-size:39px}.elementor-widget-heading .elementor-heading-title.elementor-size-xxl{font-size:59px}<\/style><h2 class=\"elementor-heading-title elementor-size-default\">ESOF '26 - Coimbra<\/h2>\t\t<\/div>\n\t\t\t\t<\/div>\n\t\t\t\t\t<\/div>\n\t\t<\/div>\n\t\t\t\t\t\t\t<\/div>\n\t\t<\/section>\n\t\t\t\t<section class=\"elementor-section elementor-top-section elementor-element elementor-element-47a4d3e9 elementor-section-boxed elementor-section-height-default elementor-section-height-default\" data-id=\"47a4d3e9\" data-element_type=\"section\">\n\t\t\t\t\t\t<div class=\"elementor-container elementor-column-gap-default\">\n\t\t\t\t\t<div class=\"elementor-column elementor-col-100 elementor-top-column elementor-element elementor-element-d8db84d\" data-id=\"d8db84d\" data-element_type=\"column\">\n\t\t\t<div class=\"elementor-widget-wrap elementor-element-populated\">\n\t\t\t\t\t\t\t\t<div class=\"elementor-element elementor-element-2b454257 elementor-widget elementor-widget-heading\" data-id=\"2b454257\" data-element_type=\"widget\" data-widget_type=\"heading.default\">\n\t\t\t\t<div class=\"elementor-widget-container\">\n\t\t\t<h2 class=\"elementor-heading-title elementor-size-default\">Coimbra \u2013 Portugal<\/h2>\t\t<\/div>\n\t\t\t\t<\/div>\n\t\t\t\t<div class=\"elementor-element elementor-element-6e530b3b elementor-widget elementor-widget-heading\" data-id=\"6e530b3b\" data-element_type=\"widget\" data-widget_type=\"heading.default\">\n\t\t\t\t<div class=\"elementor-widget-container\">\n\t\t\t<h2 class=\"elementor-heading-title elementor-size-default\">26\/03\/2026 \u2013 29\/03\/2026<\/h2>\t\t<\/div>\n\t\t\t\t<\/div>\n\t\t\t\t<div class=\"elementor-element elementor-element-2654062c elementor-widget elementor-widget-text-editor\" data-id=\"2654062c\" data-element_type=\"widget\" data-widget_type=\"text-editor.default\">\n\t\t\t\t<div class=\"elementor-widget-container\">\n\t\t\t<style>\/*! elementor - v3.7.2 - 21-08-2022 *\/\n.elementor-widget-text-editor.elementor-drop-cap-view-stacked .elementor-drop-cap{background-color:#818a91;color:#fff}.elementor-widget-text-editor.elementor-drop-cap-view-framed .elementor-drop-cap{color:#818a91;border:3px solid;background-color:transparent}.elementor-widget-text-editor:not(.elementor-drop-cap-view-default) .elementor-drop-cap{margin-top:8px}.elementor-widget-text-editor:not(.elementor-drop-cap-view-default) .elementor-drop-cap-letter{width:1em;height:1em}.elementor-widget-text-editor .elementor-drop-cap{float:left;text-align:center;line-height:1;font-size:50px}.elementor-widget-text-editor .elementor-drop-cap-letter{display:inline-block}<\/style>\t\t\t\t<h5><strong>The 2026 edition of the European Student Orchestra Festival takes us to Coimbra in Portugal and will be hosted by the <a href=\"https:\/\/www.uc.pt\/oauc\/\">Orquestra Acad\u00e9mica da Universidade de Coimbra<\/a>!<\/strong><\/h5>\t\t\t\t\t\t<\/div>\n\t\t\t\t<\/div>\n\t\t\t\t\t<\/div>\n\t\t<\/div>\n\t\t\t\t\t\t\t<\/div>\n\t\t<\/section>\n\t\t\t\t<section class=\"elementor-section elementor-top-section elementor-element elementor-element-e090b9f elementor-section-boxed elementor-section-height-default elementor-section-height-default\" data-id=\"e090b9f\" data-element_type=\"section\">\n\t\t\t\t\t\t<div class=\"elementor-container elementor-column-gap-default\">\n\t\t\t\t\t<div class=\"elementor-column elementor-col-100 elementor-top-column elementor-element elementor-element-cb66ea1\" data-id=\"cb66ea1\" data-element_type=\"column\">\n\t\t\t<div class=\"elementor-widget-wrap elementor-element-populated\">\n\t\t\t\t\t\t\t\t<div class=\"elementor-element elementor-element-5415fe9 elementor-widget elementor-widget-text-editor\" data-id=\"5415fe9\" data-element_type=\"widget\" data-widget_type=\"text-editor.default\">\n\t\t\t\t<div class=\"elementor-widget-container\">\n\t\t\t\t\t\t\t<h2 style=\"text-align: center; margin-bottom: 40px; color: #9b51e0;\">Musical Programme<\/h2>\n<div style=\"max-width: 700px; margin: auto; line-height: 1.7;\">\n<p style=\"font-size: 16px;\"><!-- 26 March --><\/p>\n<div style=\"font-size: 16px; margin-bottom: 40px;\">\n<div style=\"font-size: 22px; font-weight: 600; color: #9b51e0; margin-bottom: 10px;\">26 March 2026<\/div>\n<div style=\"border-left: 2px solid #e5e5e5; padding-left: 15px;\">\n<p style=\"font-size: 18px; margin-bottom: 5px;\"><strong>21:30<\/strong><\/p>\n<p style=\"margin-top: 0; color: #666;\">Convento S\u00e3o Francisco \u2013 Antiga Igreja<\/p>\n<p style=\"margin-top: 15px;\"><strong>Opening Concert<\/strong><br><strong style=\"font-size: 17px;\">Orquestra Acad\u00e9mica da Universidade de Coimbra<\/strong><\/p>\n<p>Josephina Vaz Monteiro \u2014 <em>Miniaturas Orquestrais<\/em> (Folha d\u2019Era, Nocturno)<br>David Sousa \u2014 <em>Raps\u00f3dia Eslava<\/em><br>Lu\u00eds de Freitas Branco \u2014 <em>Para\u00edsos Artificiais<\/em><br>Joly Braga Santos \u2014 <em>Varia\u00e7\u00f5es sobre um Tema Alentejano<\/em><\/p>\n<p>Free admission. Tickets available at the ticket office of Convento S\u00e3o Francisco, daily between 15:00 and 20:00<\/p>\n<\/div>\n<\/div>\n<p style=\"font-size: 16px;\"><!-- 27 March --><\/p>\n<div style=\"font-size: 16px; margin-bottom: 40px;\">\n<div style=\"font-size: 22px; font-weight: 600; color: #9b51e0; margin-bottom: 10px;\">27 March 2026<\/div>\n<div style=\"border-left: 2px solid #e5e5e5; padding-left: 15px;\">\n<p style=\"font-size: 18px; margin-bottom: 5px;\"><strong>21:00<\/strong><\/p>\n<p style=\"margin-top: 0; color: #666;\">Teatro Acad\u00e9mico de Gil Vicente<\/p>\n<p style=\"margin-top: 15px;\"><strong>Sinfonietta of Leuphana University L\u00fcneburg<\/strong><\/p>\n<p>Emilie Mayer \u2014 <em>Symphony No. 1 in C minor<\/em><\/p>\n<p style=\"margin-top: 15px;\"><strong>Leipziger Universit\u00e4tsorchester<\/strong><\/p>\n<p>Johannes Brahms \u2014 <em>Symphony No. 3 in F major, Op. 90<\/em><\/p>\n<p>Free admission. Tickets available at <a href=\"http:\/\/tagv.bol.pt\">tagv.bol.pt<\/a> and at the ticket office of Teatro Acad\u00e9mico de Gil Vicente, daily between 17:00 and 20:00<\/p>\n<\/div>\n<\/div>\n<p style=\"font-size: 16px;\"><!-- 28 March --><\/p>\n<div style=\"font-size: 16px; margin-bottom: 40px;\">\n<div style=\"font-size: 22px; font-weight: 600; color: #9b51e0; margin-bottom: 10px;\">28 March 2026<\/div>\n<div style=\"border-left: 2px solid #e5e5e5; padding-left: 15px;\">\n<p style=\"font-size: 18px; margin-bottom: 5px;\"><strong>17:30<\/strong><\/p>\n<p style=\"margin-top: 0; color: #666;\">Teatro Acad\u00e9mico de Gil Vicente<\/p>\n<p><strong>Orchestre Universitaire de Strasbourg<\/strong><br>Jean Sibelius \u2014 <em>Symphony No. 5 in E-flat major, Op. 82<\/em><br>B\u00e9la Bart\u00f3k \u2014 <em>Dance Suite<\/em><\/p>\n<p style=\"font-size: 18px; margin-bottom: 5px; margin-top: 25px;\"><strong>21:00<\/strong><\/p>\n<p style=\"margin-top: 0; color: #666;\">Teatro Acad\u00e9mico de Gil Vicente<\/p>\n<p><strong>Orchestre Symphonique \u00c9tudiant de Toulouse<\/strong><br>Anton\u00edn Dvo\u0159\u00e1k \u2014 <em>Slavonic Dance No. 6, Op. 46<\/em><br>L\u00e9o Delibes \u2014 <em>Pr\u00e9lude and Mazurka<\/em> from <em>Copp\u00e9lia<\/em><br>Alexander Borodin \u2014 <em>Polovtsian Dances<\/em> from <em>Prince Igor<\/em><br>Edvard Grieg \u2014 <em>Symphonic Dance No. 1, Op. 64<\/em><br>Anton\u00edn Dvo\u0159\u00e1k \u2014 <em>Polonaise<\/em> (Act II) from <em>Rusalka<\/em><br>Arturo M\u00e1rquez \u2014 <em>Danz\u00f3n No. 2<\/em><br>Pyotr Ilyich Tchaikovsky \u2014 <em>Trepak<\/em> from <em>The Nutcracker<\/em><\/p>\n<p>Free admission. Tickets available at <a href=\"http:\/\/tagv.bol.pt\">tagv.bol.pt<\/a> and at the ticket office of Teatro Acad\u00e9mico de Gil Vicente, daily between 17:00 and 20:00<\/p>\n<\/div>\n<\/div>\n<p style=\"font-size: 16px;\"><!-- 28 March --><\/p>\n<div style=\"margin-bottom: 40px;\">\n<div style=\"font-size: 22px; font-weight: 600; color: #9b51e0; margin-bottom: 10px;\">29 March 2026<\/div>\n<div style=\"border-left: 2px solid #e5e5e5; padding-left: 15px;\">\n<p style=\"font-size: 18px; margin-bottom: 5px;\"><strong>11:00<\/strong><\/p>\n<p style=\"font-size: 16px; margin-top: 0px; color: #666666;\"><span style=\"color: #7a7a7a;\">Pa\u00e7o das Escolas &#8211; Universidade de Coimbra<\/span><\/p>\n<p><b>Orquestra Acad\u00e9mica da Universidade de Coimbra <br>Sinfonietta of Leuphana University L\u00fcneburg <br>Leipziger Universit\u00e4tsorchester <br>Orchestre Universitaire de Strasbourg <br>Orchestre Symphonique \u00c9tudiant de Toulouse<\/b><\/p>\n<p><i>Suite Alfama<\/i> &#8211; Joly Braga Santos&nbsp;<\/p>\n<ul>\n<li><i>Pas de trois<\/i>&nbsp;<\/li>\n<li><i>Dan\u00e7a das Raparigas do Bairro&nbsp;<\/i><\/li>\n<\/ul>\n<p><i>Prel\u00fadio I<\/i> &#8211;&nbsp; Ant\u00f3nio Victorino d\u2019Almeida<\/p>\n<p style=\"font-size: 16px;\">\n<\/p><\/div>\n<\/div>\n<\/div>\t\t\t\t\t\t<\/div>\n\t\t\t\t<\/div>\n\t\t\t\t\t<\/div>\n\t\t<\/div>\n\t\t\t\t\t\t\t<\/div>\n\t\t<\/section>\n\t\t\t\t<section class=\"elementor-section elementor-top-section elementor-element elementor-element-166f903 elementor-section-boxed elementor-section-height-default elementor-section-height-default\" data-id=\"166f903\" data-element_type=\"section\">\n\t\t\t\t\t\t<div class=\"elementor-container elementor-column-gap-default\">\n\t\t\t\t\t<div class=\"elementor-column elementor-col-100 elementor-top-column elementor-element elementor-element-4735477\" data-id=\"4735477\" data-element_type=\"column\">\n\t\t\t<div class=\"elementor-widget-wrap elementor-element-populated\">\n\t\t\t\t\t\t\t\t<div class=\"elementor-element elementor-element-8ff0710 elementor-widget elementor-widget-text-editor\" data-id=\"8ff0710\" data-element_type=\"widget\" data-widget_type=\"text-editor.default\">\n\t\t\t\t<div class=\"elementor-widget-container\">\n\t\t\t\t\t\t\t<h3>Meet the team<\/h3><div>In\u00eas Sequeira (Coordinador)<br \/>Joana Sayal (Vice-Coordinador)<br \/>Andr\u00e9 Granjo (Conductor)<br \/>Andr\u00e9 Rocha (Design\/Social Media)<\/div><div>Henrique Martins (Treasurer)<\/div><div>Rodrigo Gon\u00e7alves (Treasurer)<br \/>Tiago Rodrigues\u00a0<br \/>Ricardo Peres\u00a0<br \/>Sara Rodrigues\u00a0<br \/>Ana Lu\u00edsa Henriques<\/div><div>Gabriela Mendon\u00e7a\u00a0<br \/>Beatriz Veiga<\/div><div>Leonor Lopes\u00a0<\/div><div>In\u00eas Fraz\u00e3o\u00a0<\/div>\t\t\t\t\t\t<\/div>\n\t\t\t\t<\/div>\n\t\t\t\t\t<\/div>\n\t\t<\/div>\n\t\t\t\t\t\t\t<\/div>\n\t\t<\/section>\n\t\t\t\t<section class=\"elementor-section elementor-top-section elementor-element elementor-element-6fc19580 elementor-section-boxed elementor-section-height-default elementor-section-height-default\" data-id=\"6fc19580\" data-element_type=\"section\">\n\t\t\t\t\t\t<div class=\"elementor-container elementor-column-gap-default\">\n\t\t\t\t\t<div class=\"elementor-column elementor-col-100 elementor-top-column elementor-element elementor-element-6c99be25\" data-id=\"6c99be25\" data-element_type=\"column\">\n\t\t\t<div class=\"elementor-widget-wrap elementor-element-populated\">\n\t\t\t\t\t\t\t\t<div class=\"elementor-element elementor-element-86906a8 elementor-widget elementor-widget-image\" data-id=\"86906a8\" data-element_type=\"widget\" data-widget_type=\"image.default\">\n\t\t\t\t<div class=\"elementor-widget-container\">\n\t\t\t<style>\/*! elementor - v3.7.2 - 21-08-2022 *\/\n.elementor-widget-image{text-align:center}.elementor-widget-image a{display:inline-block}.elementor-widget-image a img[src$=\".svg\"]{width:48px}.elementor-widget-image img{vertical-align:middle;display:inline-block}<\/style>\t\t\t\t\t\t\t\t\t\t\t\t<img decoding=\"async\" src=\"https:\/\/esofestival.com\/wp-content\/uploads\/elementor\/thumbs\/TeamCoimbra-scaled-rkakn2tx4mrinz8vi1zfq4e34okytlxdkawjwayemg.jpg\" title=\"TeamCoimbra\" alt=\"TeamCoimbra\" \/>\t\t\t\t\t\t\t\t\t\t\t\t\t\t\t<\/div>\n\t\t\t\t<\/div>\n\t\t\t\t<div class=\"elementor-element elementor-element-eb5174a elementor-widget-divider--view-line elementor-widget elementor-widget-divider\" data-id=\"eb5174a\" data-element_type=\"widget\" data-widget_type=\"divider.default\">\n\t\t\t\t<div class=\"elementor-widget-container\">\n\t\t\t<style>\/*! elementor - v3.7.2 - 21-08-2022 *\/\n.elementor-widget-divider{--divider-border-style:none;--divider-border-width:1px;--divider-color:#2c2c2c;--divider-icon-size:20px;--divider-element-spacing:10px;--divider-pattern-height:24px;--divider-pattern-size:20px;--divider-pattern-url:none;--divider-pattern-repeat:repeat-x}.elementor-widget-divider .elementor-divider{display:-webkit-box;display:-ms-flexbox;display:flex}.elementor-widget-divider .elementor-divider__text{font-size:15px;line-height:1;max-width:95%}.elementor-widget-divider .elementor-divider__element{margin:0 var(--divider-element-spacing);-ms-flex-negative:0;flex-shrink:0}.elementor-widget-divider .elementor-icon{font-size:var(--divider-icon-size)}.elementor-widget-divider .elementor-divider-separator{display:-webkit-box;display:-ms-flexbox;display:flex;margin:0;direction:ltr}.elementor-widget-divider--view-line_icon .elementor-divider-separator,.elementor-widget-divider--view-line_text .elementor-divider-separator{-webkit-box-align:center;-ms-flex-align:center;align-items:center}.elementor-widget-divider--view-line_icon .elementor-divider-separator:after,.elementor-widget-divider--view-line_icon .elementor-divider-separator:before,.elementor-widget-divider--view-line_text .elementor-divider-separator:after,.elementor-widget-divider--view-line_text .elementor-divider-separator:before{display:block;content:\"\";border-bottom:0;-webkit-box-flex:1;-ms-flex-positive:1;flex-grow:1;border-top:var(--divider-border-width) var(--divider-border-style) var(--divider-color)}.elementor-widget-divider--element-align-left .elementor-divider .elementor-divider-separator>.elementor-divider__svg:first-of-type{-webkit-box-flex:0;-ms-flex-positive:0;flex-grow:0;-ms-flex-negative:100;flex-shrink:100}.elementor-widget-divider--element-align-left .elementor-divider-separator:before{content:none}.elementor-widget-divider--element-align-left .elementor-divider__element{margin-left:0}.elementor-widget-divider--element-align-right .elementor-divider .elementor-divider-separator>.elementor-divider__svg:last-of-type{-webkit-box-flex:0;-ms-flex-positive:0;flex-grow:0;-ms-flex-negative:100;flex-shrink:100}.elementor-widget-divider--element-align-right .elementor-divider-separator:after{content:none}.elementor-widget-divider--element-align-right .elementor-divider__element{margin-right:0}.elementor-widget-divider:not(.elementor-widget-divider--view-line_text):not(.elementor-widget-divider--view-line_icon) .elementor-divider-separator{border-top:var(--divider-border-width) var(--divider-border-style) var(--divider-color)}.elementor-widget-divider--separator-type-pattern{--divider-border-style:none}.elementor-widget-divider--separator-type-pattern.elementor-widget-divider--view-line .elementor-divider-separator,.elementor-widget-divider--separator-type-pattern:not(.elementor-widget-divider--view-line) .elementor-divider-separator:after,.elementor-widget-divider--separator-type-pattern:not(.elementor-widget-divider--view-line) .elementor-divider-separator:before,.elementor-widget-divider--separator-type-pattern:not([class*=elementor-widget-divider--view]) .elementor-divider-separator{width:100%;min-height:var(--divider-pattern-height);-webkit-mask-size:var(--divider-pattern-size) 100%;mask-size:var(--divider-pattern-size) 100%;-webkit-mask-repeat:var(--divider-pattern-repeat);mask-repeat:var(--divider-pattern-repeat);background-color:var(--divider-color);-webkit-mask-image:var(--divider-pattern-url);mask-image:var(--divider-pattern-url)}.elementor-widget-divider--no-spacing{--divider-pattern-size:auto}.elementor-widget-divider--bg-round{--divider-pattern-repeat:round}.rtl .elementor-widget-divider .elementor-divider__text{direction:rtl}.e-container>.elementor-widget-divider{width:var(--container-widget-width,100%);--flex-grow:var(--container-widget-flex-grow,0)}<\/style>\t\t<div class=\"elementor-divider\">\n\t\t\t<span class=\"elementor-divider-separator\">\n\t\t\t\t\t\t<\/span>\n\t\t<\/div>\n\t\t\t\t<\/div>\n\t\t\t\t<\/div>\n\t\t\t\t<div class=\"elementor-element elementor-element-64756506 elementor-widget elementor-widget-heading\" data-id=\"64756506\" data-element_type=\"widget\" data-widget_type=\"heading.default\">\n\t\t\t\t<div class=\"elementor-widget-container\">\n\t\t\t<h2 class=\"elementor-heading-title elementor-size-default\">If we all end up in prison one day for illegal music downloads, I can only hope that they divide us by music genres.<\/h2>\t\t<\/div>\n\t\t\t\t<\/div>\n\t\t\t\t\t<\/div>\n\t\t<\/div>\n\t\t\t\t\t\t\t<\/div>\n\t\t<\/section>\n\t\t\t\t\t\t\t<\/div>\n\t\t","protected":false},"excerpt":{"rendered":"<p>ESOF &#8217;26 &#8211; Coimbra Coimbra \u2013 Portugal 26\/03\/2026 \u2013 29\/03\/2026 The 2026 edition of the European Student Orchestra Festival takes us to Coimbra in Portugal and will be hosted by the Orquestra Acad\u00e9mica da Universidade de Coimbra! Musical Programme 26 March 2026 21:30 Convento S\u00e3o Francisco \u2013 Antiga Igreja Opening ConcertOrquestra Acad\u00e9mica da Universidade de [&hellip;]<\/p>\n","protected":false},"author":1,"featured_media":0,"parent":0,"menu_order":0,"comment_status":"closed","ping_status":"closed","template":"","meta":{"footnotes":""},"class_list":["post-849","page","type-page","status-publish","hentry"],"_links":{"self":[{"href":"https:\/\/esofestival.com\/index.php?rest_route=\/wp\/v2\/pages\/849","targetHints":{"allow":["GET"]}}],"collection":[{"href":"https:\/\/esofestival.com\/index.php?rest_route=\/wp\/v2\/pages"}],"about":[{"href":"https:\/\/esofestival.com\/index.php?rest_route=\/wp\/v2\/types\/page"}],"author":[{"embeddable":true,"href":"https:\/\/esofestival.com\/index.php?rest_route=\/wp\/v2\/users\/1"}],"replies":[{"embeddable":true,"href":"https:\/\/esofestival.com\/index.php?rest_route=%2Fwp%2Fv2%2Fcomments&post=849"}],"version-history":[{"count":83,"href":"https:\/\/esofestival.com\/index.php?rest_route=\/wp\/v2\/pages\/849\/revisions"}],"predecessor-version":[{"id":1104,"href":"https:\/\/esofestival.com\/index.php?rest_route=\/wp\/v2\/pages\/849\/revisions\/1104"}],"wp:attachment":[{"href":"https:\/\/esofestival.com\/index.php?rest_route=%2Fwp%2Fv2%2Fmedia&parent=849"}],"curies":[{"name":"wp","href":"https:\/\/api.w.org\/{rel}","templated":true}]}}